{"id":8,"date":"2020-10-04T11:29:26","date_gmt":"2020-10-04T09:29:26","guid":{"rendered":"http:\/\/www.zuto.cz\/?page_id=8"},"modified":"2026-04-07T19:19:51","modified_gmt":"2026-04-07T17:19:51","slug":"ordinace-praktickeho-lekare-zuto","status":"publish","type":"page","link":"https:\/\/www.zuto.cz\/","title":{"rendered":"Praktick\u00fd l\u00e9ka\u0159 MUDr. Zuzana Emingerov\u00e1"},"content":{"rendered":"\n<p><\/p>\n\n\n<p><strong>Standardn\u00ed ordina\u010dn\u00ed doba<\/strong><\/p>\n\n\n<ul>\n<li>Pond\u011bl\u00ed:  07:00 &#8211; 12:00   7:30 &#8211; 9:00 akutn\u00ed p\u0159\u00edpady 9:00 &#8211; 12:00 ostatn\u00ed<\/li>\n\n\n\n<li>\u00dater\u00fd:    13:00 &#8211; 18:00    <strong>jen pro objednan\u00e9 pacienty<\/strong><\/li>\n\n\n\n<li>St\u0159eda:   07:00 &#8211; 12:00   7:30 &#8211; 9:00 akutn\u00ed p\u0159\u00edpady 9:00 &#8211; 12:00 ostatn\u00ed<\/li>\n\n\n\n<li>\u010ctvrtek: 07:00 &#8211; 12:00   7:30 &#8211; 9:00 akutn\u00ed p\u0159\u00edpady 9:00 &#8211; 12:00 ostatn\u00ed<\/li>\n\n\n\n<li>P\u00e1tek:    07:00 &#8211; 12:00   7:30 &#8211; 9:00 akutn\u00ed p\u0159\u00edpady 9:00 &#8211; 12:00 ostatn\u00ed<\/li>\n<\/ul>\n\n\n\n<p><strong>P\u0159\u00edchod posledn\u00edho pacienta 30 minut p\u0159ed koncem ordina\u010dn\u00ed doby !<\/strong><\/p>\n\n\n\n<p><strong>V p\u0159\u00edpad\u011b jak\u00fdchkoliv respira\u010dn\u00edch obt\u00ed\u017e\u00ed vstupujte ji\u017e do \u010dek\u00e1rny<\/strong> <strong>s respir\u00e1torem nebo rou\u0161kou !<\/strong> <\/p>\n\n\n\n<p>Pacienty objedn\u00e1v\u00e1me pouze na: preventivn\u00ed prohl\u00eddky, vy\u0161et\u0159en\u00ed pro profesn\u00ed pr\u016fkazy<\/p>\n\n\n\n<p>\u0159idi\u010dsk\u00e9 pr\u016fkazy, zbrojn\u00ed pr\u016fkazy, prohl\u00eddky do zam\u011bstn\u00e1n\u00ed, vy\u0161et\u0159en\u00ed pro OSSZ.<\/p>\n\n\n\n<p><strong>ODB\u011aRY KRVE <\/strong><\/p>\n\n\n\n<p>Odb\u011bry krve budou prov\u00e1d\u011bny po objedn\u00e1n\u00ed ve stanoven\u00e9m \u010dase.<\/p>\n\n\n\n<p>Pokud m\u00e1te p\u0159\u00edznaky respira\u010dn\u00edho onemocn\u011bn\u00ed,  nasadte si respir\u00e1tor.<\/p>\n\n\n\n<p>Telefonick\u00fd kontakt: 481 321 322<br>www.zuto.cz<\/p>\n\n\n\n<p><\/p>\n\n\n\n<p>  <\/p>\n","protected":false},"excerpt":{"rendered":"<p>Standardn\u00ed ordina\u010dn\u00ed doba P\u0159\u00edchod posledn\u00edho pacienta 30 minut p\u0159ed koncem ordina\u010dn\u00ed doby ! V p\u0159\u00edpad\u011b jak\u00fdchkoliv respira\u010dn\u00edch obt\u00ed\u017e\u00ed vstupujte ji\u017e do \u010dek\u00e1rny s respir\u00e1torem nebo rou\u0161kou ! Pacienty objedn\u00e1v\u00e1me pouze na: preventivn\u00ed prohl\u00eddky, vy\u0161et\u0159en\u00ed pro profesn\u00ed pr\u016fkazy \u0159idi\u010dsk\u00e9 pr\u016fkazy, zbrojn\u00ed pr\u016fkazy, prohl\u00eddky do zam\u011bstn\u00e1n\u00ed, vy\u0161et\u0159en\u00ed pro OSSZ. ODB\u011aRY KRVE Odb\u011bry krve budou prov\u00e1d\u011bny po objedn\u00e1n\u00ed &hellip; <\/p>\n<p class=\"link-more\"><a href=\"https:\/\/www.zuto.cz\/\" class=\"more-link\">Pokra\u010dovat ve \u010dten\u00ed<span class=\"screen-reader-text\"> &#8222;Praktick\u00fd l\u00e9ka\u0159 MUDr. Zuzana Emingerov\u00e1&#8220;<\/span><\/a><\/p>\n","protected":false},"author":2,"featured_media":0,"parent":0,"menu_order":0,"comment_status":"closed","ping_status":"closed","template":"","meta":[],"_links":{"self":[{"href":"https:\/\/www.zuto.cz\/index.php?rest_route=\/wp\/v2\/pages\/8"}],"collection":[{"href":"https:\/\/www.zuto.cz\/index.php?rest_route=\/wp\/v2\/pages"}],"about":[{"href":"https:\/\/www.zuto.cz\/index.php?rest_route=\/wp\/v2\/types\/page"}],"author":[{"embeddable":true,"href":"https:\/\/www.zuto.cz\/index.php?rest_route=\/wp\/v2\/users\/2"}],"replies":[{"embeddable":true,"href":"https:\/\/www.zuto.cz\/index.php?rest_route=%2Fwp%2Fv2%2Fcomments&post=8"}],"version-history":[{"count":66,"href":"https:\/\/www.zuto.cz\/index.php?rest_route=\/wp\/v2\/pages\/8\/revisions"}],"predecessor-version":[{"id":151,"href":"https:\/\/www.zuto.cz\/index.php?rest_route=\/wp\/v2\/pages\/8\/revisions\/151"}],"wp:attachment":[{"href":"https:\/\/www.zuto.cz\/index.php?rest_route=%2Fwp%2Fv2%2Fmedia&parent=8"}],"curies":[{"name":"wp","href":"https:\/\/api.w.org\/{rel}","templated":true}]}}